{"id":558,"date":"2018-11-29T11:43:59","date_gmt":"2018-11-29T10:43:59","guid":{"rendered":"http:\/\/www.willaklif.pl\/?page_id=558"},"modified":"2026-03-17T22:09:26","modified_gmt":"2026-03-17T21:09:26","slug":"aktualnosci-i-promocje","status":"publish","type":"page","link":"https:\/\/www.willaklif.pl\/?page_id=558","title":{"rendered":"Aktualno\u015bci i promocje"},"content":{"rendered":"\t\t<div data-elementor-type=\"wp-post\" data-elementor-id=\"558\" class=\"elementor elementor-558\">\n\t\t\t\t\t\t<section class=\"elementor-section elementor-top-section elementor-element elementor-element-4991e41d elementor-section-stretched elementor-section-full_width elementor-section-height-default elementor-section-height-default\" data-id=\"4991e41d\" data-element_type=\"section\" data-e-type=\"section\" data-settings=\"{&quot;stretch_section&quot;:&quot;section-stretched&quot;}\">\n\t\t\t\t\t\t<div class=\"elementor-container elementor-column-gap-default\">\n\t\t\t\t\t<div class=\"elementor-column elementor-col-50 elementor-top-column elementor-element elementor-element-2929b36d\" data-id=\"2929b36d\" data-element_type=\"column\" data-e-type=\"column\">\n\t\t\t<div class=\"elementor-widget-wrap elementor-element-populated\">\n\t\t\t\t\t\t<div class=\"elementor-element elementor-element-5edcac94 animated-fast elementor-invisible elementor-widget elementor-widget-heading\" data-id=\"5edcac94\" data-element_type=\"widget\" data-e-type=\"widget\" data-settings=\"{&quot;_animation&quot;:&quot;fadeIn&quot;}\" data-widget_type=\"heading.default\">\n\t\t\t\t<div class=\"elementor-widget-container\">\n\t\t\t\t\t<h1 class=\"elementor-heading-title elementor-size-default\">Aktualno\u015bci <\/h1>\t\t\t\t<\/div>\n\t\t\t\t<\/div>\n\t\t\t\t<div class=\"elementor-element elementor-element-1df35dff elementor-invisible elementor-widget elementor-widget-text-editor\" data-id=\"1df35dff\" data-element_type=\"widget\" data-e-type=\"widget\" data-settings=\"{&quot;_animation&quot;:&quot;fadeIn&quot;}\" data-widget_type=\"text-editor.default\">\n\t\t\t\t<div class=\"elementor-widget-container\">\n\t\t\t\t\t\t\t\t\t<p><span style=\"font-size: medium;\">\u00a0<\/span><\/p>\t\t\t\t\t\t\t\t<\/div>\n\t\t\t\t<\/div>\n\t\t\t\t\t<\/div>\n\t\t<\/div>\n\t\t\t\t<div class=\"elementor-column elementor-col-50 elementor-top-column elementor-element elementor-element-5a42dcf9\" data-id=\"5a42dcf9\" data-element_type=\"column\" data-e-type=\"column\" data-settings=\"{&quot;background_background&quot;:&quot;classic&quot;}\">\n\t\t\t<div class=\"elementor-widget-wrap elementor-element-populated\">\n\t\t\t\t\t<div class=\"elementor-background-overlay\"><\/div>\n\t\t\t\t\t\t<div class=\"elementor-element elementor-element-5403b192 elementor-widget elementor-widget-spacer\" data-id=\"5403b192\" data-element_type=\"widget\" data-e-type=\"widget\" data-widget_type=\"spacer.default\">\n\t\t\t\t<div class=\"elementor-widget-container\">\n\t\t\t\t\t\t\t<div class=\"elementor-spacer\">\n\t\t\t<div class=\"elementor-spacer-inner\"><\/div>\n\t\t<\/div>\n\t\t\t\t\t\t<\/div>\n\t\t\t\t<\/div>\n\t\t\t\t\t<\/div>\n\t\t<\/div>\n\t\t\t\t\t<\/div>\n\t\t<\/section>\n\t\t\t\t<section class=\"elementor-section elementor-top-section elementor-element elementor-element-14d2c58 elementor-section-boxed elementor-section-height-default elementor-section-height-default\" data-id=\"14d2c58\" data-element_type=\"section\" data-e-type=\"section\">\n\t\t\t\t\t\t<div class=\"elementor-container elementor-column-gap-default\">\n\t\t\t\t\t<div class=\"elementor-column elementor-col-100 elementor-top-column elementor-element elementor-element-95d418f\" data-id=\"95d418f\" data-element_type=\"column\" data-e-type=\"column\">\n\t\t\t<div class=\"elementor-widget-wrap elementor-element-populated\">\n\t\t\t\t\t\t<section class=\"elementor-section elementor-inner-section elementor-element elementor-element-6ea5f6ee elementor-section-boxed elementor-section-height-default elementor-section-height-default\" data-id=\"6ea5f6ee\" data-element_type=\"section\" data-e-type=\"section\">\n\t\t\t\t\t\t<div class=\"elementor-container elementor-column-gap-default\">\n\t\t\t\t\t<div class=\"elementor-column elementor-col-100 elementor-inner-column elementor-element elementor-element-7339ab20\" data-id=\"7339ab20\" data-element_type=\"column\" data-e-type=\"column\">\n\t\t\t<div class=\"elementor-widget-wrap elementor-element-populated\">\n\t\t\t\t\t\t<div class=\"elementor-element elementor-element-64cd73ad elementor-invisible elementor-widget elementor-widget-heading\" data-id=\"64cd73ad\" data-element_type=\"widget\" data-e-type=\"widget\" data-settings=\"{&quot;_animation&quot;:&quot;fadeIn&quot;}\" data-widget_type=\"heading.default\">\n\t\t\t\t<div class=\"elementor-widget-container\">\n\t\t\t\t\t<h3 class=\"elementor-heading-title elementor-size-default\">Najnowsze informacje<\/h3>\t\t\t\t<\/div>\n\t\t\t\t<\/div>\n\t\t\t\t<div class=\"elementor-element elementor-element-3f67b713 elementor-invisible elementor-widget elementor-widget-text-editor\" data-id=\"3f67b713\" data-element_type=\"widget\" data-e-type=\"widget\" data-settings=\"{&quot;_animation&quot;:&quot;fadeIn&quot;}\" data-widget_type=\"text-editor.default\">\n\t\t\t\t<div class=\"elementor-widget-container\">\n\t\t\t\t\t\t\t\t\t<p><strong><img decoding=\"async\" class=\"size-full wp-image-223 aligncenter\" src=\"https:\/\/www.willaklif.pl\/wp-content\/uploads\/2018\/09\/logo.png\" alt=\"\" width=\"135\" height=\"98\" \/><\/strong><\/p><p><strong>Szanowni Pa\u0144stwo<\/strong><strong style=\"font-size: 16px;\">\u00a0<\/strong><\/p><p><strong>W ko\u0144cu przyszed\u0142 wyczekiwany czas wakacji. Przygotowali\u015bmy dla Was ofert\u0119 na pobyty wakacyjne w atrakcyjnych cenach.<\/strong><\/p><p>7 dni w pokoju dwuosobowym z pysznym wy\u017cywieniem (\u015bniadanie, obiad, kolacja), sauna, jacuzzi, salka fitness, bezp\u0142atny parking, wi-fi.<\/p><p>Cena 2100z\u0142\/osoba.<\/p><p>Serdecznie zapraszamy:)<\/p><p>\u00a0<\/p><p><strong><img fetchpriority=\"high\" decoding=\"async\" class=\"size-medium wp-image-444 aligncenter\" src=\"https:\/\/www.willaklif.pl\/wp-content\/uploads\/2018\/10\/7-300x225.jpg\" alt=\"\" width=\"300\" height=\"225\" srcset=\"https:\/\/www.willaklif.pl\/wp-content\/uploads\/2018\/10\/7-300x225.jpg 300w, https:\/\/www.willaklif.pl\/wp-content\/uploads\/2018\/10\/7-768x577.jpg 768w, https:\/\/www.willaklif.pl\/wp-content\/uploads\/2018\/10\/7-1024x769.jpg 1024w\" sizes=\"(max-width: 300px) 100vw, 300px\" \/><\/strong><\/p><p><strong>\u00a0<\/strong><\/p><p><strong>\u00a0<\/strong><\/p>\t\t\t\t\t\t\t\t<\/div>\n\t\t\t\t<\/div>\n\t\t\t\t\t<\/div>\n\t\t<\/div>\n\t\t\t\t\t<\/div>\n\t\t<\/section>\n\t\t\t\t\t<\/div>\n\t\t<\/div>\n\t\t\t\t\t<\/div>\n\t\t<\/section>\n\t\t\t\t<section class=\"elementor-section elementor-top-section elementor-element elementor-element-d6b8420 elementor-section-boxed elementor-section-height-default elementor-section-height-default\" data-id=\"d6b8420\" data-element_type=\"section\" data-e-type=\"section\">\n\t\t\t\t\t\t<div class=\"elementor-container elementor-column-gap-default\">\n\t\t\t\t\t<div class=\"elementor-column elementor-col-100 elementor-top-column elementor-element elementor-element-045fc5f\" data-id=\"045fc5f\" data-element_type=\"column\" data-e-type=\"column\">\n\t\t\t<div class=\"elementor-widget-wrap elementor-element-populated\">\n\t\t\t\t\t\t<div class=\"elementor-element elementor-element-35ad6828 elementor-align-center elementor-tablet-align-center elementor-mobile-align-center elementor-invisible elementor-widget elementor-widget-button\" data-id=\"35ad6828\" data-element_type=\"widget\" data-e-type=\"widget\" data-settings=\"{&quot;_animation&quot;:&quot;fadeInUp&quot;,&quot;_animation_delay&quot;:600}\" data-widget_type=\"button.default\">\n\t\t\t\t<div class=\"elementor-widget-container\">\n\t\t\t\t\t\t\t\t\t<div class=\"elementor-button-wrapper\">\n\t\t\t\t\t<a class=\"elementor-button elementor-button-link elementor-size-sm elementor-animation-grow\" href=\"#\">\n\t\t\t\t\t\t<span class=\"elementor-button-content-wrapper\">\n\t\t\t\t\t\t\t\t\t<span class=\"elementor-button-text\">Zarezerwuj pobyt<\/span>\n\t\t\t\t\t<\/span>\n\t\t\t\t\t<\/a>\n\t\t\t\t<\/div>\n\t\t\t\t\t\t\t\t<\/div>\n\t\t\t\t<\/div>\n\t\t\t\t\t<\/div>\n\t\t<\/div>\n\t\t\t\t\t<\/div>\n\t\t<\/section>\n\t\t\t\t<section class=\"elementor-section elementor-top-section elementor-element elementor-element-79110601 elementor-section-boxed elementor-section-height-default elementor-section-height-default\" data-id=\"79110601\" data-element_type=\"section\" data-e-type=\"section\">\n\t\t\t\t\t\t<div class=\"elementor-container elementor-column-gap-default\">\n\t\t\t\t\t<div class=\"elementor-column elementor-col-25 elementor-top-column elementor-element elementor-element-2d9eb5ad\" data-id=\"2d9eb5ad\" data-element_type=\"column\" data-e-type=\"column\">\n\t\t\t<div class=\"elementor-widget-wrap elementor-element-populated\">\n\t\t\t\t\t\t<div class=\"elementor-element elementor-element-203a1587 elementor-widget elementor-widget-heading\" data-id=\"203a1587\" data-element_type=\"widget\" data-e-type=\"widget\" data-widget_type=\"heading.default\">\n\t\t\t\t<div class=\"elementor-widget-container\">\n\t\t\t\t\t<h3 class=\"elementor-heading-title elementor-size-default\">Willa klif<\/h3>\t\t\t\t<\/div>\n\t\t\t\t<\/div>\n\t\t\t\t\t<\/div>\n\t\t<\/div>\n\t\t\t\t<div class=\"elementor-column elementor-col-25 elementor-top-column elementor-element elementor-element-2ec617fa\" data-id=\"2ec617fa\" data-element_type=\"column\" data-e-type=\"column\">\n\t\t\t<div class=\"elementor-widget-wrap elementor-element-populated\">\n\t\t\t\t\t\t<div class=\"elementor-element elementor-element-22d7e7a5 elementor-tablet-align-center elementor-align-end elementor-icon-list--layout-traditional elementor-list-item-link-full_width elementor-invisible elementor-widget elementor-widget-icon-list\" data-id=\"22d7e7a5\" data-element_type=\"widget\" data-e-type=\"widget\" data-settings=\"{&quot;_animation&quot;:&quot;fadeIn&quot;}\" data-widget_type=\"icon-list.default\">\n\t\t\t\t<div class=\"elementor-widget-container\">\n\t\t\t\t\t\t\t<ul class=\"elementor-icon-list-items\">\n\t\t\t\t\t\t\t<li class=\"elementor-icon-list-item\">\n\t\t\t\t\t\t\t\t\t\t\t<a href=\"#\">\n\n\t\t\t\t\t\t\t\t\t\t\t\t<span class=\"elementor-icon-list-icon\">\n\t\t\t\t\t\t\t\t\t\t\t\t\t\t\t\t<i class=\"fa fa-envelope-o\" aria-hidden=\"true\"><\/i>\n\t\t\t\t\t\t\t\t\t\t\t\t\t<\/span>\n\t\t\t\t\t\t\t\t\t\t<span class=\"elementor-icon-list-text\">willaklif@wp.pl<\/span>\n\t\t\t\t\t\t\t\t\t\t\t<\/a>\n\t\t\t\t\t\t\t\t\t<\/li>\n\t\t\t\t\t\t<\/ul>\n\t\t\t\t\t\t<\/div>\n\t\t\t\t<\/div>\n\t\t\t\t\t<\/div>\n\t\t<\/div>\n\t\t\t\t<div class=\"elementor-column elementor-col-25 elementor-top-column elementor-element elementor-element-1b8dbcfc\" data-id=\"1b8dbcfc\" data-element_type=\"column\" data-e-type=\"column\">\n\t\t\t<div class=\"elementor-widget-wrap elementor-element-populated\">\n\t\t\t\t\t\t<div class=\"elementor-element elementor-element-6b618e10 elementor-tablet-align-center elementor-align-end elementor-icon-list--layout-traditional elementor-list-item-link-full_width elementor-invisible elementor-widget elementor-widget-icon-list\" data-id=\"6b618e10\" data-element_type=\"widget\" data-e-type=\"widget\" data-settings=\"{&quot;_animation&quot;:&quot;fadeIn&quot;}\" data-widget_type=\"icon-list.default\">\n\t\t\t\t<div class=\"elementor-widget-container\">\n\t\t\t\t\t\t\t<ul class=\"elementor-icon-list-items\">\n\t\t\t\t\t\t\t<li class=\"elementor-icon-list-item\">\n\t\t\t\t\t\t\t\t\t\t\t<span class=\"elementor-icon-list-icon\">\n\t\t\t\t\t\t\t\t\t\t\t\t\t\t\t\t<i class=\"fa fa-phone\" aria-hidden=\"true\"><\/i>\n\t\t\t\t\t\t\t\t\t\t\t\t\t<\/span>\n\t\t\t\t\t\t\t\t\t\t<span class=\"elementor-icon-list-text\">+48 604 453 099<\/span>\n\t\t\t\t\t\t\t\t\t<\/li>\n\t\t\t\t\t\t<\/ul>\n\t\t\t\t\t\t<\/div>\n\t\t\t\t<\/div>\n\t\t\t\t\t<\/div>\n\t\t<\/div>\n\t\t\t\t<div class=\"elementor-column elementor-col-25 elementor-top-column elementor-element elementor-element-5eec706\" data-id=\"5eec706\" data-element_type=\"column\" data-e-type=\"column\">\n\t\t\t<div class=\"elementor-widget-wrap elementor-element-populated\">\n\t\t\t\t\t\t<div class=\"elementor-element elementor-element-12412659 e-grid-align-right e-grid-align-tablet-center elementor-shape-rounded elementor-grid-0 elementor-widget elementor-widget-social-icons\" data-id=\"12412659\" data-element_type=\"widget\" data-e-type=\"widget\" data-widget_type=\"social-icons.default\">\n\t\t\t\t<div class=\"elementor-widget-container\">\n\t\t\t\t\t\t\t<div class=\"elementor-social-icons-wrapper elementor-grid\" role=\"list\">\n\t\t\t\t\t\t\t<span class=\"elementor-grid-item\" role=\"listitem\">\n\t\t\t\t\t<a class=\"elementor-icon elementor-social-icon elementor-social-icon-facebook elementor-repeater-item-093880b\" target=\"_blank\">\n\t\t\t\t\t\t<span class=\"elementor-screen-only\">Facebook<\/span>\n\t\t\t\t\t\t\t\t\t\t\t\t\t<i class=\"fa fa-facebook\" aria-hidden=\"true\"><\/i>\n\t\t\t\t\t\t\t\t\t\t\t<\/a>\n\t\t\t\t<\/span>\n\t\t\t\t\t\t\t<span class=\"elementor-grid-item\" role=\"listitem\">\n\t\t\t\t\t<a class=\"elementor-icon elementor-social-icon elementor-social-icon-twitter elementor-repeater-item-12dd9ee\" target=\"_blank\">\n\t\t\t\t\t\t<span class=\"elementor-screen-only\">Twitter<\/span>\n\t\t\t\t\t\t\t\t\t\t\t\t\t<i class=\"fa fa-twitter\" aria-hidden=\"true\"><\/i>\n\t\t\t\t\t\t\t\t\t\t\t<\/a>\n\t\t\t\t<\/span>\n\t\t\t\t\t\t\t<span class=\"elementor-grid-item\" role=\"listitem\">\n\t\t\t\t\t<a class=\"elementor-icon elementor-social-icon elementor-social-icon-instagram elementor-repeater-item-d2b023f\" target=\"_blank\">\n\t\t\t\t\t\t<span class=\"elementor-screen-only\">Instagram<\/span>\n\t\t\t\t\t\t\t\t\t\t\t\t\t<i class=\"fa fa-instagram\" aria-hidden=\"true\"><\/i>\n\t\t\t\t\t\t\t\t\t\t\t<\/a>\n\t\t\t\t<\/span>\n\t\t\t\t\t<\/div>\n\t\t\t\t\t\t<\/div>\n\t\t\t\t<\/div>\n\t\t\t\t\t<\/div>\n\t\t<\/div>\n\t\t\t\t\t<\/div>\n\t\t<\/section>\n\t\t\t\t<\/div>\n\t\t","protected":false},"excerpt":{"rendered":"<p>Aktualno\u015bci \u00a0 Najnowsze informacje Szanowni Pa\u0144stwo\u00a0 W ko\u0144cu przyszed\u0142 wyczekiwany czas wakacji. Przygotowali\u015bmy dla Was ofert\u0119 na pobyty wakacyjne w atrakcyjnych cenach. 7 dni w pokoju dwuosobowym z pysznym wy\u017cywieniem (\u015bniadanie, obiad, kolacja), sauna, jacuzzi, salka fitness, bezp\u0142atny parking, wi-fi. Cena 2100z\u0142\/osoba. Serdecznie zapraszamy:) \u00a0 \u00a0 \u00a0 Zarezerwuj pobyt Willa klif willaklif@wp.pl +48 604 453 [&hellip;]<\/p>\n","protected":false},"author":1,"featured_media":0,"parent":0,"menu_order":0,"comment_status":"closed","ping_status":"closed","template":"","meta":{"footnotes":""},"class_list":["post-558","page","type-page","status-publish","hentry","entry"],"yoast_head":"<!-- This site is optimized with the Yoast SEO plugin v27.5 - https:\/\/yoast.com\/product\/yoast-seo-wordpress\/ -->\n<title>Aktualno\u015bci i promocje - Klif<\/title>\n<meta name=\"robots\" content=\"index, follow, max-snippet:-1, max-image-preview:large, max-video-preview:-1\" \/>\n<link rel=\"canonical\" href=\"https:\/\/www.willaklif.pl\/?page_id=558\" \/>\n<meta property=\"og:locale\" content=\"pl_PL\" \/>\n<meta property=\"og:type\" content=\"article\" \/>\n<meta property=\"og:title\" content=\"Aktualno\u015bci i promocje - Klif\" \/>\n<meta property=\"og:description\" content=\"Aktualno\u015bci \u00a0 Najnowsze informacje Szanowni Pa\u0144stwo\u00a0 W ko\u0144cu przyszed\u0142 wyczekiwany czas wakacji. Przygotowali\u015bmy dla Was ofert\u0119 na pobyty wakacyjne w atrakcyjnych cenach. 7 dni w pokoju dwuosobowym z pysznym wy\u017cywieniem (\u015bniadanie, obiad, kolacja), sauna, jacuzzi, salka fitness, bezp\u0142atny parking, wi-fi. Cena 2100z\u0142\/osoba. Serdecznie zapraszamy:) \u00a0 \u00a0 \u00a0 Zarezerwuj pobyt Willa klif willaklif@wp.pl +48 604 453 [&hellip;]\" \/>\n<meta property=\"og:url\" content=\"https:\/\/www.willaklif.pl\/?page_id=558\" \/>\n<meta property=\"og:site_name\" content=\"Klif\" \/>\n<meta property=\"article:modified_time\" content=\"2026-03-17T21:09:26+00:00\" \/>\n<meta property=\"og:image\" content=\"http:\/\/www.willaklif.pl\/wp-content\/uploads\/2018\/09\/logo.png\" \/>\n<meta name=\"twitter:card\" content=\"summary_large_image\" \/>\n<meta name=\"twitter:label1\" content=\"Szacowany czas czytania\" \/>\n\t<meta name=\"twitter:data1\" content=\"1 minuta\" \/>\n<script type=\"application\/ld+json\" class=\"yoast-schema-graph\">{\"@context\":\"https:\\\/\\\/schema.org\",\"@graph\":[{\"@type\":\"WebPage\",\"@id\":\"https:\\\/\\\/www.willaklif.pl\\\/?page_id=558\",\"url\":\"https:\\\/\\\/www.willaklif.pl\\\/?page_id=558\",\"name\":\"Aktualno\u015bci i promocje - Klif\",\"isPartOf\":{\"@id\":\"https:\\\/\\\/www.willaklif.pl\\\/#website\"},\"primaryImageOfPage\":{\"@id\":\"https:\\\/\\\/www.willaklif.pl\\\/?page_id=558#primaryimage\"},\"image\":{\"@id\":\"https:\\\/\\\/www.willaklif.pl\\\/?page_id=558#primaryimage\"},\"thumbnailUrl\":\"http:\\\/\\\/www.willaklif.pl\\\/wp-content\\\/uploads\\\/2018\\\/09\\\/logo.png\",\"datePublished\":\"2018-11-29T10:43:59+00:00\",\"dateModified\":\"2026-03-17T21:09:26+00:00\",\"breadcrumb\":{\"@id\":\"https:\\\/\\\/www.willaklif.pl\\\/?page_id=558#breadcrumb\"},\"inLanguage\":\"pl-PL\",\"potentialAction\":[{\"@type\":\"ReadAction\",\"target\":[\"https:\\\/\\\/www.willaklif.pl\\\/?page_id=558\"]}]},{\"@type\":\"ImageObject\",\"inLanguage\":\"pl-PL\",\"@id\":\"https:\\\/\\\/www.willaklif.pl\\\/?page_id=558#primaryimage\",\"url\":\"http:\\\/\\\/www.willaklif.pl\\\/wp-content\\\/uploads\\\/2018\\\/09\\\/logo.png\",\"contentUrl\":\"http:\\\/\\\/www.willaklif.pl\\\/wp-content\\\/uploads\\\/2018\\\/09\\\/logo.png\"},{\"@type\":\"BreadcrumbList\",\"@id\":\"https:\\\/\\\/www.willaklif.pl\\\/?page_id=558#breadcrumb\",\"itemListElement\":[{\"@type\":\"ListItem\",\"position\":1,\"name\":\"Strona g\u0142\u00f3wna\",\"item\":\"https:\\\/\\\/www.willaklif.pl\\\/\"},{\"@type\":\"ListItem\",\"position\":2,\"name\":\"Aktualno\u015bci i promocje\"}]},{\"@type\":\"WebSite\",\"@id\":\"https:\\\/\\\/www.willaklif.pl\\\/#website\",\"url\":\"https:\\\/\\\/www.willaklif.pl\\\/\",\"name\":\"Willa Klif - Wczasy odchudzaj\u0105ce\",\"description\":\"Wczasy zdrowotne i noclegi w Jastrz\u0119biej G\u00f3rze\",\"publisher\":{\"@id\":\"https:\\\/\\\/www.willaklif.pl\\\/#organization\"},\"potentialAction\":[{\"@type\":\"SearchAction\",\"target\":{\"@type\":\"EntryPoint\",\"urlTemplate\":\"https:\\\/\\\/www.willaklif.pl\\\/?s={search_term_string}\"},\"query-input\":{\"@type\":\"PropertyValueSpecification\",\"valueRequired\":true,\"valueName\":\"search_term_string\"}}],\"inLanguage\":\"pl-PL\"},{\"@type\":\"Organization\",\"@id\":\"https:\\\/\\\/www.willaklif.pl\\\/#organization\",\"name\":\"Willa Klif - Wczasy odchudzaj\u0105ce\",\"url\":\"https:\\\/\\\/www.willaklif.pl\\\/\",\"logo\":{\"@type\":\"ImageObject\",\"inLanguage\":\"pl-PL\",\"@id\":\"https:\\\/\\\/www.willaklif.pl\\\/#\\\/schema\\\/logo\\\/image\\\/\",\"url\":\"https:\\\/\\\/www.willaklif.pl\\\/wp-content\\\/uploads\\\/2018\\\/09\\\/logo.png\",\"contentUrl\":\"https:\\\/\\\/www.willaklif.pl\\\/wp-content\\\/uploads\\\/2018\\\/09\\\/logo.png\",\"width\":135,\"height\":98,\"caption\":\"Willa Klif - Wczasy odchudzaj\u0105ce\"},\"image\":{\"@id\":\"https:\\\/\\\/www.willaklif.pl\\\/#\\\/schema\\\/logo\\\/image\\\/\"}}]}<\/script>\n<!-- \/ Yoast SEO plugin. -->","yoast_head_json":{"title":"Aktualno\u015bci i promocje - Klif","robots":{"index":"index","follow":"follow","max-snippet":"max-snippet:-1","max-image-preview":"max-image-preview:large","max-video-preview":"max-video-preview:-1"},"canonical":"https:\/\/www.willaklif.pl\/?page_id=558","og_locale":"pl_PL","og_type":"article","og_title":"Aktualno\u015bci i promocje - Klif","og_description":"Aktualno\u015bci \u00a0 Najnowsze informacje Szanowni Pa\u0144stwo\u00a0 W ko\u0144cu przyszed\u0142 wyczekiwany czas wakacji. Przygotowali\u015bmy dla Was ofert\u0119 na pobyty wakacyjne w atrakcyjnych cenach. 7 dni w pokoju dwuosobowym z pysznym wy\u017cywieniem (\u015bniadanie, obiad, kolacja), sauna, jacuzzi, salka fitness, bezp\u0142atny parking, wi-fi. Cena 2100z\u0142\/osoba. Serdecznie zapraszamy:) \u00a0 \u00a0 \u00a0 Zarezerwuj pobyt Willa klif willaklif@wp.pl +48 604 453 [&hellip;]","og_url":"https:\/\/www.willaklif.pl\/?page_id=558","og_site_name":"Klif","article_modified_time":"2026-03-17T21:09:26+00:00","og_image":[{"url":"http:\/\/www.willaklif.pl\/wp-content\/uploads\/2018\/09\/logo.png","type":"","width":"","height":""}],"twitter_card":"summary_large_image","twitter_misc":{"Szacowany czas czytania":"1 minuta"},"schema":{"@context":"https:\/\/schema.org","@graph":[{"@type":"WebPage","@id":"https:\/\/www.willaklif.pl\/?page_id=558","url":"https:\/\/www.willaklif.pl\/?page_id=558","name":"Aktualno\u015bci i promocje - Klif","isPartOf":{"@id":"https:\/\/www.willaklif.pl\/#website"},"primaryImageOfPage":{"@id":"https:\/\/www.willaklif.pl\/?page_id=558#primaryimage"},"image":{"@id":"https:\/\/www.willaklif.pl\/?page_id=558#primaryimage"},"thumbnailUrl":"http:\/\/www.willaklif.pl\/wp-content\/uploads\/2018\/09\/logo.png","datePublished":"2018-11-29T10:43:59+00:00","dateModified":"2026-03-17T21:09:26+00:00","breadcrumb":{"@id":"https:\/\/www.willaklif.pl\/?page_id=558#breadcrumb"},"inLanguage":"pl-PL","potentialAction":[{"@type":"ReadAction","target":["https:\/\/www.willaklif.pl\/?page_id=558"]}]},{"@type":"ImageObject","inLanguage":"pl-PL","@id":"https:\/\/www.willaklif.pl\/?page_id=558#primaryimage","url":"http:\/\/www.willaklif.pl\/wp-content\/uploads\/2018\/09\/logo.png","contentUrl":"http:\/\/www.willaklif.pl\/wp-content\/uploads\/2018\/09\/logo.png"},{"@type":"BreadcrumbList","@id":"https:\/\/www.willaklif.pl\/?page_id=558#breadcrumb","itemListElement":[{"@type":"ListItem","position":1,"name":"Strona g\u0142\u00f3wna","item":"https:\/\/www.willaklif.pl\/"},{"@type":"ListItem","position":2,"name":"Aktualno\u015bci i promocje"}]},{"@type":"WebSite","@id":"https:\/\/www.willaklif.pl\/#website","url":"https:\/\/www.willaklif.pl\/","name":"Willa Klif - Wczasy odchudzaj\u0105ce","description":"Wczasy zdrowotne i noclegi w Jastrz\u0119biej G\u00f3rze","publisher":{"@id":"https:\/\/www.willaklif.pl\/#organization"},"potentialAction":[{"@type":"SearchAction","target":{"@type":"EntryPoint","urlTemplate":"https:\/\/www.willaklif.pl\/?s={search_term_string}"},"query-input":{"@type":"PropertyValueSpecification","valueRequired":true,"valueName":"search_term_string"}}],"inLanguage":"pl-PL"},{"@type":"Organization","@id":"https:\/\/www.willaklif.pl\/#organization","name":"Willa Klif - Wczasy odchudzaj\u0105ce","url":"https:\/\/www.willaklif.pl\/","logo":{"@type":"ImageObject","inLanguage":"pl-PL","@id":"https:\/\/www.willaklif.pl\/#\/schema\/logo\/image\/","url":"https:\/\/www.willaklif.pl\/wp-content\/uploads\/2018\/09\/logo.png","contentUrl":"https:\/\/www.willaklif.pl\/wp-content\/uploads\/2018\/09\/logo.png","width":135,"height":98,"caption":"Willa Klif - Wczasy odchudzaj\u0105ce"},"image":{"@id":"https:\/\/www.willaklif.pl\/#\/schema\/logo\/image\/"}}]}},"_links":{"self":[{"href":"https:\/\/www.willaklif.pl\/index.php?rest_route=\/wp\/v2\/pages\/558","targetHints":{"allow":["GET"]}}],"collection":[{"href":"https:\/\/www.willaklif.pl\/index.php?rest_route=\/wp\/v2\/pages"}],"about":[{"href":"https:\/\/www.willaklif.pl\/index.php?rest_route=\/wp\/v2\/types\/page"}],"author":[{"embeddable":true,"href":"https:\/\/www.willaklif.pl\/index.php?rest_route=\/wp\/v2\/users\/1"}],"replies":[{"embeddable":true,"href":"https:\/\/www.willaklif.pl\/index.php?rest_route=%2Fwp%2Fv2%2Fcomments&post=558"}],"version-history":[{"count":32,"href":"https:\/\/www.willaklif.pl\/index.php?rest_route=\/wp\/v2\/pages\/558\/revisions"}],"predecessor-version":[{"id":1185,"href":"https:\/\/www.willaklif.pl\/index.php?rest_route=\/wp\/v2\/pages\/558\/revisions\/1185"}],"wp:attachment":[{"href":"https:\/\/www.willaklif.pl\/index.php?rest_route=%2Fwp%2Fv2%2Fmedia&parent=558"}],"curies":[{"name":"wp","href":"https:\/\/api.w.org\/{rel}","templated":true}]}}