{"id":18,"date":"2018-09-17T15:29:54","date_gmt":"2018-09-17T13:29:54","guid":{"rendered":"http:\/\/www.willaklif.pl\/?page_id=18"},"modified":"2026-03-17T22:00:50","modified_gmt":"2026-03-17T21:00:50","slug":"kontakt","status":"publish","type":"page","link":"https:\/\/www.willaklif.pl\/?page_id=18","title":{"rendered":"Kontakt"},"content":{"rendered":"\t\t<div data-elementor-type=\"wp-post\" data-elementor-id=\"18\" class=\"elementor elementor-18\">\n\t\t\t\t\t\t<section class=\"elementor-section elementor-top-section elementor-element elementor-element-329397dc elementor-section-boxed elementor-section-height-default elementor-section-height-default\" data-id=\"329397dc\" data-element_type=\"section\" data-e-type=\"section\" data-settings=\"{&quot;background_background&quot;:&quot;gradient&quot;}\">\n\t\t\t\t\t\t<div class=\"elementor-container elementor-column-gap-default\">\n\t\t\t\t\t<div class=\"elementor-column elementor-col-50 elementor-top-column elementor-element elementor-element-1e79330a\" data-id=\"1e79330a\" data-element_type=\"column\" data-e-type=\"column\">\n\t\t\t<div class=\"elementor-widget-wrap elementor-element-populated\">\n\t\t\t\t\t\t<div class=\"elementor-element elementor-element-7e12f77d elementor-invisible elementor-widget elementor-widget-heading\" data-id=\"7e12f77d\" data-element_type=\"widget\" data-e-type=\"widget\" data-settings=\"{&quot;_animation&quot;:&quot;fadeIn&quot;}\" data-widget_type=\"heading.default\">\n\t\t\t\t<div class=\"elementor-widget-container\">\n\t\t\t\t\t<h2 class=\"elementor-heading-title elementor-size-default\">Willa Klif<\/h2>\t\t\t\t<\/div>\n\t\t\t\t<\/div>\n\t\t\t\t<div class=\"elementor-element elementor-element-517d51a animated-fast elementor-invisible elementor-widget elementor-widget-heading\" data-id=\"517d51a\" data-element_type=\"widget\" data-e-type=\"widget\" data-settings=\"{&quot;_animation&quot;:&quot;fadeIn&quot;}\" data-widget_type=\"heading.default\">\n\t\t\t\t<div class=\"elementor-widget-container\">\n\t\t\t\t\t<h1 class=\"elementor-heading-title elementor-size-default\">Kontakt<\/h1>\t\t\t\t<\/div>\n\t\t\t\t<\/div>\n\t\t\t\t<div class=\"elementor-element elementor-element-199fcf68 e-grid-align-left e-grid-align-tablet-center elementor-shape-rounded elementor-grid-0 elementor-widget elementor-widget-social-icons\" data-id=\"199fcf68\" data-element_type=\"widget\" data-e-type=\"widget\" data-widget_type=\"social-icons.default\">\n\t\t\t\t<div class=\"elementor-widget-container\">\n\t\t\t\t\t\t\t<div class=\"elementor-social-icons-wrapper elementor-grid\" role=\"list\">\n\t\t\t\t\t\t\t<span class=\"elementor-grid-item\" role=\"listitem\">\n\t\t\t\t\t<a class=\"elementor-icon elementor-social-icon elementor-social-icon-facebook elementor-repeater-item-093880b\" target=\"_blank\">\n\t\t\t\t\t\t<span class=\"elementor-screen-only\">Facebook<\/span>\n\t\t\t\t\t\t\t\t\t\t\t\t\t<i class=\"fa fa-facebook\" aria-hidden=\"true\"><\/i>\n\t\t\t\t\t\t\t\t\t\t\t<\/a>\n\t\t\t\t<\/span>\n\t\t\t\t\t\t\t<span class=\"elementor-grid-item\" role=\"listitem\">\n\t\t\t\t\t<a class=\"elementor-icon elementor-social-icon elementor-social-icon-twitter elementor-repeater-item-12dd9ee\" target=\"_blank\">\n\t\t\t\t\t\t<span class=\"elementor-screen-only\">Twitter<\/span>\n\t\t\t\t\t\t\t\t\t\t\t\t\t<i class=\"fa fa-twitter\" aria-hidden=\"true\"><\/i>\n\t\t\t\t\t\t\t\t\t\t\t<\/a>\n\t\t\t\t<\/span>\n\t\t\t\t\t\t\t<span class=\"elementor-grid-item\" role=\"listitem\">\n\t\t\t\t\t<a class=\"elementor-icon elementor-social-icon elementor-social-icon-instagram elementor-repeater-item-d2b023f\" target=\"_blank\">\n\t\t\t\t\t\t<span class=\"elementor-screen-only\">Instagram<\/span>\n\t\t\t\t\t\t\t\t\t\t\t\t\t<i class=\"fa fa-instagram\" aria-hidden=\"true\"><\/i>\n\t\t\t\t\t\t\t\t\t\t\t<\/a>\n\t\t\t\t<\/span>\n\t\t\t\t\t<\/div>\n\t\t\t\t\t\t<\/div>\n\t\t\t\t<\/div>\n\t\t\t\t\t<\/div>\n\t\t<\/div>\n\t\t\t\t<div class=\"elementor-column elementor-col-50 elementor-top-column elementor-element elementor-element-24e6ad9b elementor-invisible\" data-id=\"24e6ad9b\" data-element_type=\"column\" data-e-type=\"column\" data-settings=\"{&quot;background_background&quot;:&quot;classic&quot;,&quot;animation&quot;:&quot;fadeInDown&quot;}\">\n\t\t\t<div class=\"elementor-widget-wrap elementor-element-populated\">\n\t\t\t\t\t\t<div class=\"elementor-element elementor-element-7f086e78 animated-fast elementor-invisible elementor-widget elementor-widget-heading\" data-id=\"7f086e78\" data-element_type=\"widget\" data-e-type=\"widget\" data-settings=\"{&quot;_animation&quot;:&quot;fadeIn&quot;}\" data-widget_type=\"heading.default\">\n\t\t\t\t<div class=\"elementor-widget-container\">\n\t\t\t\t\t<h2 class=\"elementor-heading-title elementor-size-default\">Wczasy Zdrowotno-Wypoczynkowe\n\"Willa Klif\"<\/h2>\t\t\t\t<\/div>\n\t\t\t\t<\/div>\n\t\t\t\t<div class=\"elementor-element elementor-element-2c04c4c5 elementor-tablet-align-center elementor-icon-list--layout-traditional elementor-list-item-link-full_width elementor-invisible elementor-widget elementor-widget-icon-list\" data-id=\"2c04c4c5\" data-element_type=\"widget\" data-e-type=\"widget\" data-settings=\"{&quot;_animation&quot;:&quot;fadeIn&quot;,&quot;_animation_delay&quot;:400}\" data-widget_type=\"icon-list.default\">\n\t\t\t\t<div class=\"elementor-widget-container\">\n\t\t\t\t\t\t\t<ul class=\"elementor-icon-list-items\">\n\t\t\t\t\t\t\t<li class=\"elementor-icon-list-item\">\n\t\t\t\t\t\t\t\t\t\t\t<span class=\"elementor-icon-list-icon\">\n\t\t\t\t\t\t\t\t\t\t\t\t\t\t\t\t<i class=\"fa fa-fax\" aria-hidden=\"true\"><\/i>\n\t\t\t\t\t\t\t\t\t\t\t\t\t<\/span>\n\t\t\t\t\t\t\t\t\t\t<span class=\"elementor-icon-list-text\">+ 48 604 453 099<\/span>\n\t\t\t\t\t\t\t\t\t<\/li>\n\t\t\t\t\t\t\t\t<li class=\"elementor-icon-list-item\">\n\t\t\t\t\t\t\t\t\t\t\t<span class=\"elementor-icon-list-icon\">\n\t\t\t\t\t\t\t\t\t\t\t\t\t\t\t\t<i class=\"fa fa-map-marker\" aria-hidden=\"true\"><\/i>\n\t\t\t\t\t\t\t\t\t\t\t\t\t<\/span>\n\t\t\t\t\t\t\t\t\t\t<span class=\"elementor-icon-list-text\">ul. Widokowa 3<br> 84-104 Jastrz\u0119bia G\u00f3ra<\/span>\n\t\t\t\t\t\t\t\t\t<\/li>\n\t\t\t\t\t\t\t\t<li class=\"elementor-icon-list-item\">\n\t\t\t\t\t\t\t\t\t\t\t<a href=\"#\">\n\n\t\t\t\t\t\t\t\t\t\t\t\t<span class=\"elementor-icon-list-icon\">\n\t\t\t\t\t\t\t\t\t\t\t\t\t\t\t\t<i class=\"fa fa-envelope-o\" aria-hidden=\"true\"><\/i>\n\t\t\t\t\t\t\t\t\t\t\t\t\t<\/span>\n\t\t\t\t\t\t\t\t\t\t<span class=\"elementor-icon-list-text\">willaklif@wp.pl<\/span>\n\t\t\t\t\t\t\t\t\t\t\t<\/a>\n\t\t\t\t\t\t\t\t\t<\/li>\n\t\t\t\t\t\t\t\t<li class=\"elementor-icon-list-item\">\n\t\t\t\t\t\t\t\t\t\t\t<a href=\"#\">\n\n\t\t\t\t\t\t\t\t\t\t\t\t<span class=\"elementor-icon-list-icon\">\n\t\t\t\t\t\t\t\t\t\t\t\t\t\t\t\t<i class=\"fa fa-book\" aria-hidden=\"true\"><\/i>\n\t\t\t\t\t\t\t\t\t\t\t\t\t<\/span>\n\t\t\t\t\t\t\t\t\t\t<span class=\"elementor-icon-list-text\">NIP: 586-104-43-32<\/span>\n\t\t\t\t\t\t\t\t\t\t\t<\/a>\n\t\t\t\t\t\t\t\t\t<\/li>\n\t\t\t\t\t\t<\/ul>\n\t\t\t\t\t\t<\/div>\n\t\t\t\t<\/div>\n\t\t\t\t\t<\/div>\n\t\t<\/div>\n\t\t\t\t\t<\/div>\n\t\t<\/section>\n\t\t\t\t<section class=\"elementor-section elementor-top-section elementor-element elementor-element-a118a06 elementor-section-stretched elementor-section-full_width elementor-section-height-default elementor-section-height-default\" data-id=\"a118a06\" data-element_type=\"section\" data-e-type=\"section\" data-settings=\"{&quot;stretch_section&quot;:&quot;section-stretched&quot;}\">\n\t\t\t\t\t\t<div class=\"elementor-container elementor-column-gap-default\">\n\t\t\t\t\t<div class=\"elementor-column elementor-col-100 elementor-top-column elementor-element elementor-element-cbe7ddf\" data-id=\"cbe7ddf\" data-element_type=\"column\" data-e-type=\"column\">\n\t\t\t<div class=\"elementor-widget-wrap elementor-element-populated\">\n\t\t\t\t\t\t<div class=\"elementor-element elementor-element-cfb2576 elementor-widget elementor-widget-google_maps\" data-id=\"cfb2576\" data-element_type=\"widget\" data-e-type=\"widget\" data-widget_type=\"google_maps.default\">\n\t\t\t\t<div class=\"elementor-widget-container\">\n\t\t\t\t\t\t\t<div class=\"elementor-custom-embed\">\n\t\t\t<iframe loading=\"lazy\"\n\t\t\t\t\tsrc=\"https:\/\/maps.google.com\/maps?q=ul.%20Widokowa%203%20%2084-104%20Jastrz%C4%99bia%20G%C3%B3ra&#038;t=m&#038;z=14&#038;output=embed&#038;iwloc=near\"\n\t\t\t\t\ttitle=\"ul. Widokowa 3  84-104 Jastrz\u0119bia G\u00f3ra\"\n\t\t\t\t\taria-label=\"ul. Widokowa 3  84-104 Jastrz\u0119bia G\u00f3ra\"\n\t\t\t><\/iframe>\n\t\t<\/div>\n\t\t\t\t\t\t<\/div>\n\t\t\t\t<\/div>\n\t\t\t\t\t<\/div>\n\t\t<\/div>\n\t\t\t\t\t<\/div>\n\t\t<\/section>\n\t\t\t\t<section class=\"elementor-section elementor-top-section elementor-element elementor-element-1e2bae07 elementor-section-boxed elementor-section-height-default elementor-section-height-default\" data-id=\"1e2bae07\" data-element_type=\"section\" data-e-type=\"section\">\n\t\t\t\t\t\t<div class=\"elementor-container elementor-column-gap-default\">\n\t\t\t\t\t<div class=\"elementor-column elementor-col-50 elementor-top-column elementor-element elementor-element-6c0e7a5e\" data-id=\"6c0e7a5e\" data-element_type=\"column\" data-e-type=\"column\">\n\t\t\t<div class=\"elementor-widget-wrap elementor-element-populated\">\n\t\t\t\t\t\t<div class=\"elementor-element elementor-element-6536d818 animated-fast elementor-invisible elementor-widget elementor-widget-heading\" data-id=\"6536d818\" data-element_type=\"widget\" data-e-type=\"widget\" data-settings=\"{&quot;_animation&quot;:&quot;fadeIn&quot;}\" data-widget_type=\"heading.default\">\n\t\t\t\t<div class=\"elementor-widget-container\">\n\t\t\t\t\t<h2 class=\"elementor-heading-title elementor-size-default\">Cz\u0119sto zadawane pytania<\/h2>\t\t\t\t<\/div>\n\t\t\t\t<\/div>\n\t\t\t\t<div class=\"elementor-element elementor-element-fecb888 elementor-widget elementor-widget-image\" data-id=\"fecb888\" data-element_type=\"widget\" data-e-type=\"widget\" data-widget_type=\"image.default\">\n\t\t\t\t<div class=\"elementor-widget-container\">\n\t\t\t\t\t\t\t\t\t\t\t\t\t\t\t<img fetchpriority=\"high\" decoding=\"async\" width=\"724\" height=\"1024\" src=\"https:\/\/www.willaklif.pl\/wp-content\/uploads\/2019\/05\/Certyfikat-5860001668-1-724x1024.jpg\" class=\"attachment-large size-large wp-image-653\" alt=\"\" srcset=\"https:\/\/www.willaklif.pl\/wp-content\/uploads\/2019\/05\/Certyfikat-5860001668-1-724x1024.jpg 724w, https:\/\/www.willaklif.pl\/wp-content\/uploads\/2019\/05\/Certyfikat-5860001668-1-212x300.jpg 212w, https:\/\/www.willaklif.pl\/wp-content\/uploads\/2019\/05\/Certyfikat-5860001668-1-768x1086.jpg 768w, https:\/\/www.willaklif.pl\/wp-content\/uploads\/2019\/05\/Certyfikat-5860001668-1.jpg 1654w\" sizes=\"(max-width: 724px) 100vw, 724px\" \/>\t\t\t\t\t\t\t\t\t\t\t\t\t\t\t<\/div>\n\t\t\t\t<\/div>\n\t\t\t\t\t<\/div>\n\t\t<\/div>\n\t\t\t\t<div class=\"elementor-column elementor-col-50 elementor-top-column elementor-element elementor-element-7f5e18a2\" data-id=\"7f5e18a2\" data-element_type=\"column\" data-e-type=\"column\" data-settings=\"{&quot;background_background&quot;:&quot;classic&quot;}\">\n\t\t\t<div class=\"elementor-widget-wrap elementor-element-populated\">\n\t\t\t\t\t\t<div class=\"elementor-element elementor-element-170bd3e7 elementor-invisible elementor-widget elementor-widget-accordion\" data-id=\"170bd3e7\" data-element_type=\"widget\" data-e-type=\"widget\" data-settings=\"{&quot;_animation&quot;:&quot;fadeInUp&quot;}\" data-widget_type=\"accordion.default\">\n\t\t\t\t<div class=\"elementor-widget-container\">\n\t\t\t\t\t\t\t<div class=\"elementor-accordion\">\n\t\t\t\t\t\t\t<div class=\"elementor-accordion-item\">\n\t\t\t\t\t<div id=\"elementor-tab-title-3861\" class=\"elementor-tab-title\" data-tab=\"1\" role=\"button\" aria-controls=\"elementor-tab-content-3861\" aria-expanded=\"false\">\n\t\t\t\t\t\t\t\t\t\t\t\t\t<span class=\"elementor-accordion-icon elementor-accordion-icon-right\" aria-hidden=\"true\">\n\t\t\t\t\t\t\t\t\t\t\t\t\t\t\t<i class=\"elementor-accordion-icon-closed fa fa-arrow-circle-right\"><\/i>\n\t\t\t\t\t\t\t\t<i class=\"elementor-accordion-icon-opened fa fa-arrow-circle-up\"><\/i>\n\t\t\t\t\t\t\t\t\t\t\t\t\t\t<\/span>\n\t\t\t\t\t\t\t\t\t\t\t\t<a class=\"elementor-accordion-title\" tabindex=\"0\">Numer konta<\/a>\n\t\t\t\t\t<\/div>\n\t\t\t\t\t<div id=\"elementor-tab-content-3861\" class=\"elementor-tab-content elementor-clearfix\" data-tab=\"1\" role=\"region\" aria-labelledby=\"elementor-tab-title-3861\"><p>Numer Konta:<br \/>Bank PKO<br \/>33 1020 1912 0000 9302 0246 5375<br \/>Przelewy zagraniczne:<br \/>IBAN PL 33 1020 1912 0000 9302 0246 5375<br \/>SWIFT\/BIC BPKOPLPW<\/p><\/div>\n\t\t\t\t<\/div>\n\t\t\t\t\t\t\t<div class=\"elementor-accordion-item\">\n\t\t\t\t\t<div id=\"elementor-tab-title-3862\" class=\"elementor-tab-title\" data-tab=\"2\" role=\"button\" aria-controls=\"elementor-tab-content-3862\" aria-expanded=\"false\">\n\t\t\t\t\t\t\t\t\t\t\t\t\t<span class=\"elementor-accordion-icon elementor-accordion-icon-right\" aria-hidden=\"true\">\n\t\t\t\t\t\t\t\t\t\t\t\t\t\t\t<i class=\"elementor-accordion-icon-closed fa fa-arrow-circle-right\"><\/i>\n\t\t\t\t\t\t\t\t<i class=\"elementor-accordion-icon-opened fa fa-arrow-circle-up\"><\/i>\n\t\t\t\t\t\t\t\t\t\t\t\t\t\t<\/span>\n\t\t\t\t\t\t\t\t\t\t\t\t<a class=\"elementor-accordion-title\" tabindex=\"0\">Jak dojecha\u0107 do Jastrz\u0119biej G\u00f3ry komunikacj\u0105?<\/a>\n\t\t\t\t\t<\/div>\n\t\t\t\t\t<div id=\"elementor-tab-content-3862\" class=\"elementor-tab-content elementor-clearfix\" data-tab=\"2\" role=\"region\" aria-labelledby=\"elementor-tab-title-3862\"><p>PKP do Gdyni G\u0142\u00f3wnej Osobowej, nast\u0119pnie z pod dworca je\u017cd\u017c\u0105 bezpo\u015brednio PKS-y oraz prywatne Busy www.e-podroznik.pl<br \/>Prosimy wysi\u0105\u015b\u0107 na przystanku przy ko\u015bciele i kierowa\u0107 si\u0119 ul. Pendereckiego dawna ul. Weso\u0142a, Zygmunta III i ul. Rogali.<br \/>Mo\u017cna r\u00f3wnie\u017c dojecha\u0107 PKP do W\u0142adys\u0142awowa i z pod dworca je\u017cd\u017c\u0105 Busy, PKS-y i Taks\u00f3wki ok. 8km<\/p><\/div>\n\t\t\t\t<\/div>\n\t\t\t\t\t\t\t<div class=\"elementor-accordion-item\">\n\t\t\t\t\t<div id=\"elementor-tab-title-3863\" class=\"elementor-tab-title\" data-tab=\"3\" role=\"button\" aria-controls=\"elementor-tab-content-3863\" aria-expanded=\"false\">\n\t\t\t\t\t\t\t\t\t\t\t\t\t<span class=\"elementor-accordion-icon elementor-accordion-icon-right\" aria-hidden=\"true\">\n\t\t\t\t\t\t\t\t\t\t\t\t\t\t\t<i class=\"elementor-accordion-icon-closed fa fa-arrow-circle-right\"><\/i>\n\t\t\t\t\t\t\t\t<i class=\"elementor-accordion-icon-opened fa fa-arrow-circle-up\"><\/i>\n\t\t\t\t\t\t\t\t\t\t\t\t\t\t<\/span>\n\t\t\t\t\t\t\t\t\t\t\t\t<a class=\"elementor-accordion-title\" tabindex=\"0\">Jak dojecha\u0107 do Jastrz\u0119biej G\u00f3ry samochodem?<\/a>\n\t\t\t\t\t<\/div>\n\t\t\t\t\t<div id=\"elementor-tab-content-3863\" class=\"elementor-tab-content elementor-clearfix\" data-tab=\"3\" role=\"region\" aria-labelledby=\"elementor-tab-title-3863\"><p>Samochodem kierunek Tr\u00f3jmiasto, nast\u0119pnie Puck za przejazdem kolejowym prosimy skr\u0119ci\u0107 w lewo, miniecie Pa\u0144stwo Gnie\u017cd\u017cewo, \u0141ebcz, Strzelno, Mieroszyno oraz Tupad\u0142y i przed tablic\u0105 Jastrz\u0119bia G\u00f3ra, trzeba skr\u0119ci\u0107 w prawo w ul. Wiejsk\u0105 i druga w prawo to ul. Widokowa \ud83d\ude42<br \/>Mo\u017cna jecha\u0107, r\u00f3wnie\u017c przez W\u0142adys\u0142awowo &#8211; kierunek Karwia w Jastrz\u0119biej G\u00f3rze, prosimy skr\u0119ci\u0107 w lewo za Hotelem Astor w ul. Uzdrowiskow\u0105, nast\u0119pnie w prawo w ul. Wiejsk\u0105 i w lewo w ul. Widokow\u0105.<\/p><\/div>\n\t\t\t\t<\/div>\n\t\t\t\t\t\t\t<div class=\"elementor-accordion-item\">\n\t\t\t\t\t<div id=\"elementor-tab-title-3864\" class=\"elementor-tab-title\" data-tab=\"4\" role=\"button\" aria-controls=\"elementor-tab-content-3864\" aria-expanded=\"false\">\n\t\t\t\t\t\t\t\t\t\t\t\t\t<span class=\"elementor-accordion-icon elementor-accordion-icon-right\" aria-hidden=\"true\">\n\t\t\t\t\t\t\t\t\t\t\t\t\t\t\t<i class=\"elementor-accordion-icon-closed fa fa-arrow-circle-right\"><\/i>\n\t\t\t\t\t\t\t\t<i class=\"elementor-accordion-icon-opened fa fa-arrow-circle-up\"><\/i>\n\t\t\t\t\t\t\t\t\t\t\t\t\t\t<\/span>\n\t\t\t\t\t\t\t\t\t\t\t\t<a class=\"elementor-accordion-title\" tabindex=\"0\">Jak dolecie\u0107 do Jastrz\u0119biej G\u00f3ry samolotem?<\/a>\n\t\t\t\t\t<\/div>\n\t\t\t\t\t<div id=\"elementor-tab-content-3864\" class=\"elementor-tab-content elementor-clearfix\" data-tab=\"4\" role=\"region\" aria-labelledby=\"elementor-tab-title-3864\"><p><span style=\"font-size: small;\">Samolotem\u00a0do Gda\u0144ska\u00a0R\u0119biechowa z lotniska jedzie autobus 510 bezpo\u015brednio do dworca w Gdyni G\u0142\u00f3wnej i p\u00f3\u017aniej <b>PKS NR. 650<\/b> lub proponujemy <b>TAXI Tel.509203767<\/b> kt\u00f3re zawioz\u0105 Pa\u0144stwa pod nasz o\u015brodek.<\/span><\/p><\/div>\n\t\t\t\t<\/div>\n\t\t\t\t\t\t\t\t<\/div>\n\t\t\t\t\t\t<\/div>\n\t\t\t\t<\/div>\n\t\t\t\t\t<\/div>\n\t\t<\/div>\n\t\t\t\t\t<\/div>\n\t\t<\/section>\n\t\t\t\t<\/div>\n\t\t","protected":false},"excerpt":{"rendered":"<p>Willa Klif Kontakt Facebook Twitter Instagram Wczasy Zdrowotno-Wypoczynkowe &#8222;Willa Klif&#8221; + 48 604 453 099 ul. Widokowa 3 84-104 Jastrz\u0119bia G\u00f3ra willaklif@wp.pl NIP: 586-104-43-32 Cz\u0119sto zadawane pytania Numer konta Numer Konta:Bank PKO33 1020 1912 0000 9302 0246 5375Przelewy zagraniczne:IBAN PL 33 1020 1912 0000 9302 0246 5375SWIFT\/BIC BPKOPLPW Jak dojecha\u0107 do Jastrz\u0119biej G\u00f3ry komunikacj\u0105? PKP [&hellip;]<\/p>\n","protected":false},"author":1,"featured_media":0,"parent":0,"menu_order":0,"comment_status":"closed","ping_status":"closed","template":"elementor_header_footer","meta":{"footnotes":""},"class_list":["post-18","page","type-page","status-publish","hentry","entry"],"yoast_head":"<!-- This site is optimized with the Yoast SEO plugin v27.5 - https:\/\/yoast.com\/product\/yoast-seo-wordpress\/ -->\n<title>Kontakt - Klif<\/title>\n<meta name=\"robots\" content=\"index, follow, max-snippet:-1, max-image-preview:large, max-video-preview:-1\" \/>\n<link rel=\"canonical\" href=\"https:\/\/www.willaklif.pl\/?page_id=18\" \/>\n<meta property=\"og:locale\" content=\"pl_PL\" \/>\n<meta property=\"og:type\" content=\"article\" \/>\n<meta property=\"og:title\" content=\"Kontakt - Klif\" \/>\n<meta property=\"og:description\" content=\"Willa Klif Kontakt Facebook Twitter Instagram Wczasy Zdrowotno-Wypoczynkowe &#8222;Willa Klif&#8221; + 48 604 453 099 ul. Widokowa 3 84-104 Jastrz\u0119bia G\u00f3ra willaklif@wp.pl NIP: 586-104-43-32 Cz\u0119sto zadawane pytania Numer konta Numer Konta:Bank PKO33 1020 1912 0000 9302 0246 5375Przelewy zagraniczne:IBAN PL 33 1020 1912 0000 9302 0246 5375SWIFT\/BIC BPKOPLPW Jak dojecha\u0107 do Jastrz\u0119biej G\u00f3ry komunikacj\u0105? PKP [&hellip;]\" \/>\n<meta property=\"og:url\" content=\"https:\/\/www.willaklif.pl\/?page_id=18\" \/>\n<meta property=\"og:site_name\" content=\"Klif\" \/>\n<meta property=\"article:modified_time\" content=\"2026-03-17T21:00:50+00:00\" \/>\n<meta property=\"og:image\" content=\"https:\/\/www.willaklif.pl\/wp-content\/uploads\/2019\/05\/Certyfikat-5860001668-1.jpg\" \/>\n\t<meta property=\"og:image:width\" content=\"1654\" \/>\n\t<meta property=\"og:image:height\" content=\"2339\" \/>\n\t<meta property=\"og:image:type\" content=\"image\/jpeg\" \/>\n<meta name=\"twitter:card\" content=\"summary_large_image\" \/>\n<meta name=\"twitter:label1\" content=\"Szacowany czas czytania\" \/>\n\t<meta name=\"twitter:data1\" content=\"2 minuty\" \/>\n<script type=\"application\/ld+json\" class=\"yoast-schema-graph\">{\"@context\":\"https:\\\/\\\/schema.org\",\"@graph\":[{\"@type\":\"WebPage\",\"@id\":\"https:\\\/\\\/www.willaklif.pl\\\/?page_id=18\",\"url\":\"https:\\\/\\\/www.willaklif.pl\\\/?page_id=18\",\"name\":\"Kontakt - Klif\",\"isPartOf\":{\"@id\":\"https:\\\/\\\/www.willaklif.pl\\\/#website\"},\"primaryImageOfPage\":{\"@id\":\"https:\\\/\\\/www.willaklif.pl\\\/?page_id=18#primaryimage\"},\"image\":{\"@id\":\"https:\\\/\\\/www.willaklif.pl\\\/?page_id=18#primaryimage\"},\"thumbnailUrl\":\"https:\\\/\\\/www.willaklif.pl\\\/wp-content\\\/uploads\\\/2019\\\/05\\\/Certyfikat-5860001668-1-724x1024.jpg\",\"datePublished\":\"2018-09-17T13:29:54+00:00\",\"dateModified\":\"2026-03-17T21:00:50+00:00\",\"breadcrumb\":{\"@id\":\"https:\\\/\\\/www.willaklif.pl\\\/?page_id=18#breadcrumb\"},\"inLanguage\":\"pl-PL\",\"potentialAction\":[{\"@type\":\"ReadAction\",\"target\":[\"https:\\\/\\\/www.willaklif.pl\\\/?page_id=18\"]}]},{\"@type\":\"ImageObject\",\"inLanguage\":\"pl-PL\",\"@id\":\"https:\\\/\\\/www.willaklif.pl\\\/?page_id=18#primaryimage\",\"url\":\"https:\\\/\\\/www.willaklif.pl\\\/wp-content\\\/uploads\\\/2019\\\/05\\\/Certyfikat-5860001668-1.jpg\",\"contentUrl\":\"https:\\\/\\\/www.willaklif.pl\\\/wp-content\\\/uploads\\\/2019\\\/05\\\/Certyfikat-5860001668-1.jpg\",\"width\":1654,\"height\":2339},{\"@type\":\"BreadcrumbList\",\"@id\":\"https:\\\/\\\/www.willaklif.pl\\\/?page_id=18#breadcrumb\",\"itemListElement\":[{\"@type\":\"ListItem\",\"position\":1,\"name\":\"Strona g\u0142\u00f3wna\",\"item\":\"https:\\\/\\\/www.willaklif.pl\\\/\"},{\"@type\":\"ListItem\",\"position\":2,\"name\":\"Kontakt\"}]},{\"@type\":\"WebSite\",\"@id\":\"https:\\\/\\\/www.willaklif.pl\\\/#website\",\"url\":\"https:\\\/\\\/www.willaklif.pl\\\/\",\"name\":\"Willa Klif - Wczasy odchudzaj\u0105ce\",\"description\":\"Wczasy zdrowotne i noclegi w Jastrz\u0119biej G\u00f3rze\",\"publisher\":{\"@id\":\"https:\\\/\\\/www.willaklif.pl\\\/#organization\"},\"potentialAction\":[{\"@type\":\"SearchAction\",\"target\":{\"@type\":\"EntryPoint\",\"urlTemplate\":\"https:\\\/\\\/www.willaklif.pl\\\/?s={search_term_string}\"},\"query-input\":{\"@type\":\"PropertyValueSpecification\",\"valueRequired\":true,\"valueName\":\"search_term_string\"}}],\"inLanguage\":\"pl-PL\"},{\"@type\":\"Organization\",\"@id\":\"https:\\\/\\\/www.willaklif.pl\\\/#organization\",\"name\":\"Willa Klif - Wczasy odchudzaj\u0105ce\",\"url\":\"https:\\\/\\\/www.willaklif.pl\\\/\",\"logo\":{\"@type\":\"ImageObject\",\"inLanguage\":\"pl-PL\",\"@id\":\"https:\\\/\\\/www.willaklif.pl\\\/#\\\/schema\\\/logo\\\/image\\\/\",\"url\":\"https:\\\/\\\/www.willaklif.pl\\\/wp-content\\\/uploads\\\/2018\\\/09\\\/logo.png\",\"contentUrl\":\"https:\\\/\\\/www.willaklif.pl\\\/wp-content\\\/uploads\\\/2018\\\/09\\\/logo.png\",\"width\":135,\"height\":98,\"caption\":\"Willa Klif - Wczasy odchudzaj\u0105ce\"},\"image\":{\"@id\":\"https:\\\/\\\/www.willaklif.pl\\\/#\\\/schema\\\/logo\\\/image\\\/\"}}]}<\/script>\n<!-- \/ Yoast SEO plugin. -->","yoast_head_json":{"title":"Kontakt - Klif","robots":{"index":"index","follow":"follow","max-snippet":"max-snippet:-1","max-image-preview":"max-image-preview:large","max-video-preview":"max-video-preview:-1"},"canonical":"https:\/\/www.willaklif.pl\/?page_id=18","og_locale":"pl_PL","og_type":"article","og_title":"Kontakt - Klif","og_description":"Willa Klif Kontakt Facebook Twitter Instagram Wczasy Zdrowotno-Wypoczynkowe &#8222;Willa Klif&#8221; + 48 604 453 099 ul. Widokowa 3 84-104 Jastrz\u0119bia G\u00f3ra willaklif@wp.pl NIP: 586-104-43-32 Cz\u0119sto zadawane pytania Numer konta Numer Konta:Bank PKO33 1020 1912 0000 9302 0246 5375Przelewy zagraniczne:IBAN PL 33 1020 1912 0000 9302 0246 5375SWIFT\/BIC BPKOPLPW Jak dojecha\u0107 do Jastrz\u0119biej G\u00f3ry komunikacj\u0105? PKP [&hellip;]","og_url":"https:\/\/www.willaklif.pl\/?page_id=18","og_site_name":"Klif","article_modified_time":"2026-03-17T21:00:50+00:00","og_image":[{"width":1654,"height":2339,"url":"https:\/\/www.willaklif.pl\/wp-content\/uploads\/2019\/05\/Certyfikat-5860001668-1.jpg","type":"image\/jpeg"}],"twitter_card":"summary_large_image","twitter_misc":{"Szacowany czas czytania":"2 minuty"},"schema":{"@context":"https:\/\/schema.org","@graph":[{"@type":"WebPage","@id":"https:\/\/www.willaklif.pl\/?page_id=18","url":"https:\/\/www.willaklif.pl\/?page_id=18","name":"Kontakt - Klif","isPartOf":{"@id":"https:\/\/www.willaklif.pl\/#website"},"primaryImageOfPage":{"@id":"https:\/\/www.willaklif.pl\/?page_id=18#primaryimage"},"image":{"@id":"https:\/\/www.willaklif.pl\/?page_id=18#primaryimage"},"thumbnailUrl":"https:\/\/www.willaklif.pl\/wp-content\/uploads\/2019\/05\/Certyfikat-5860001668-1-724x1024.jpg","datePublished":"2018-09-17T13:29:54+00:00","dateModified":"2026-03-17T21:00:50+00:00","breadcrumb":{"@id":"https:\/\/www.willaklif.pl\/?page_id=18#breadcrumb"},"inLanguage":"pl-PL","potentialAction":[{"@type":"ReadAction","target":["https:\/\/www.willaklif.pl\/?page_id=18"]}]},{"@type":"ImageObject","inLanguage":"pl-PL","@id":"https:\/\/www.willaklif.pl\/?page_id=18#primaryimage","url":"https:\/\/www.willaklif.pl\/wp-content\/uploads\/2019\/05\/Certyfikat-5860001668-1.jpg","contentUrl":"https:\/\/www.willaklif.pl\/wp-content\/uploads\/2019\/05\/Certyfikat-5860001668-1.jpg","width":1654,"height":2339},{"@type":"BreadcrumbList","@id":"https:\/\/www.willaklif.pl\/?page_id=18#breadcrumb","itemListElement":[{"@type":"ListItem","position":1,"name":"Strona g\u0142\u00f3wna","item":"https:\/\/www.willaklif.pl\/"},{"@type":"ListItem","position":2,"name":"Kontakt"}]},{"@type":"WebSite","@id":"https:\/\/www.willaklif.pl\/#website","url":"https:\/\/www.willaklif.pl\/","name":"Willa Klif - Wczasy odchudzaj\u0105ce","description":"Wczasy zdrowotne i noclegi w Jastrz\u0119biej G\u00f3rze","publisher":{"@id":"https:\/\/www.willaklif.pl\/#organization"},"potentialAction":[{"@type":"SearchAction","target":{"@type":"EntryPoint","urlTemplate":"https:\/\/www.willaklif.pl\/?s={search_term_string}"},"query-input":{"@type":"PropertyValueSpecification","valueRequired":true,"valueName":"search_term_string"}}],"inLanguage":"pl-PL"},{"@type":"Organization","@id":"https:\/\/www.willaklif.pl\/#organization","name":"Willa Klif - Wczasy odchudzaj\u0105ce","url":"https:\/\/www.willaklif.pl\/","logo":{"@type":"ImageObject","inLanguage":"pl-PL","@id":"https:\/\/www.willaklif.pl\/#\/schema\/logo\/image\/","url":"https:\/\/www.willaklif.pl\/wp-content\/uploads\/2018\/09\/logo.png","contentUrl":"https:\/\/www.willaklif.pl\/wp-content\/uploads\/2018\/09\/logo.png","width":135,"height":98,"caption":"Willa Klif - Wczasy odchudzaj\u0105ce"},"image":{"@id":"https:\/\/www.willaklif.pl\/#\/schema\/logo\/image\/"}}]}},"_links":{"self":[{"href":"https:\/\/www.willaklif.pl\/index.php?rest_route=\/wp\/v2\/pages\/18","targetHints":{"allow":["GET"]}}],"collection":[{"href":"https:\/\/www.willaklif.pl\/index.php?rest_route=\/wp\/v2\/pages"}],"about":[{"href":"https:\/\/www.willaklif.pl\/index.php?rest_route=\/wp\/v2\/types\/page"}],"author":[{"embeddable":true,"href":"https:\/\/www.willaklif.pl\/index.php?rest_route=\/wp\/v2\/users\/1"}],"replies":[{"embeddable":true,"href":"https:\/\/www.willaklif.pl\/index.php?rest_route=%2Fwp%2Fv2%2Fcomments&post=18"}],"version-history":[{"count":18,"href":"https:\/\/www.willaklif.pl\/index.php?rest_route=\/wp\/v2\/pages\/18\/revisions"}],"predecessor-version":[{"id":1182,"href":"https:\/\/www.willaklif.pl\/index.php?rest_route=\/wp\/v2\/pages\/18\/revisions\/1182"}],"wp:attachment":[{"href":"https:\/\/www.willaklif.pl\/index.php?rest_route=%2Fwp%2Fv2%2Fmedia&parent=18"}],"curies":[{"name":"wp","href":"https:\/\/api.w.org\/{rel}","templated":true}]}}